{"id":8,"date":"2020-11-25T05:51:06","date_gmt":"2020-11-25T05:51:06","guid":{"rendered":"https:\/\/sugkurier.de\/?page_id=8"},"modified":"2022-02-24T19:57:00","modified_gmt":"2022-02-24T18:57:00","slug":"offnungszeiten","status":"publish","type":"page","link":"https:\/\/www.sugkurier.de\/?page_id=8","title":{"rendered":"\u00d6ffnungszeiten"},"content":{"rendered":"\n<h2 class=\"has-text-color wp-block-heading\" style=\"color:#06476c\">unsere \u00d6ffnungszeiten sind <strong>Montag bis Freitag 7:00 &#8211; 19:00 Uhr<\/strong><\/h2>\n\n\n\n<div style=\"height:20px\" aria-hidden=\"true\" class=\"wp-block-spacer\"><\/div>\n\n\n\n<p><\/p>\n\n\n\n<p class=\"has-normal-font-size\">Transporte sind auch au\u00dferhalb unserer \u00d6ffnungszeiten auf Anfrage oder als Vorbestellung m\u00f6glich.<\/p>\n\n\n\n<p class=\"has-normal-font-size\">Sie k\u00f6nnen <a href=\"https:\/\/www.sugkurier.de\/?page_id=9\" class=\"rank-math-link\">hier <\/a>eine Anfrage stellen.<\/p>\n\n\n\n<div class=\"wp-block-buttons is-layout-flex wp-block-buttons-is-layout-flex\">\n<div class=\"wp-block-button\"><a class=\"wp-block-button__link has-white-color has-text-color has-background\" href=\"https:\/\/www.sugkurier.de\/?page_id=9\" style=\"background-color:#1490d7\">Kontakt<\/a><\/div>\n<\/div>\n","protected":false},"excerpt":{"rendered":"<p>unsere \u00d6ffnungszeiten sind Montag bis Freitag 7:00 &#8211; 19:00 Uhr Transporte sind auch au\u00dferhalb unserer \u00d6ffnungszeiten auf Anfrage oder als Vorbestellung m\u00f6glich. Sie k\u00f6nnen hier eine Anfrage stellen.<\/p>\n","protected":false},"author":1,"featured_media":0,"parent":0,"menu_order":0,"comment_status":"closed","ping_status":"closed","template":"","meta":{"footnotes":""},"class_list":["post-8","page","type-page","status-publish","hentry"],"_links":{"self":[{"href":"https:\/\/www.sugkurier.de\/index.php?rest_route=\/wp\/v2\/pages\/8","targetHints":{"allow":["GET"]}}],"collection":[{"href":"https:\/\/www.sugkurier.de\/index.php?rest_route=\/wp\/v2\/pages"}],"about":[{"href":"https:\/\/www.sugkurier.de\/index.php?rest_route=\/wp\/v2\/types\/page"}],"author":[{"embeddable":true,"href":"https:\/\/www.sugkurier.de\/index.php?rest_route=\/wp\/v2\/users\/1"}],"replies":[{"embeddable":true,"href":"https:\/\/www.sugkurier.de\/index.php?rest_route=%2Fwp%2Fv2%2Fcomments&post=8"}],"version-history":[{"count":16,"href":"https:\/\/www.sugkurier.de\/index.php?rest_route=\/wp\/v2\/pages\/8\/revisions"}],"predecessor-version":[{"id":737,"href":"https:\/\/www.sugkurier.de\/index.php?rest_route=\/wp\/v2\/pages\/8\/revisions\/737"}],"wp:attachment":[{"href":"https:\/\/www.sugkurier.de\/index.php?rest_route=%2Fwp%2Fv2%2Fmedia&parent=8"}],"curies":[{"name":"wp","href":"https:\/\/api.w.org\/{rel}","templated":true}]}}